{"id":1693,"date":"2018-08-24T03:50:05","date_gmt":"2018-08-24T03:50:05","guid":{"rendered":"https:\/\/soledad.pencidesign.net\/soledad-elegant-blog\/?page_id=6"},"modified":"2021-11-04T13:27:21","modified_gmt":"2021-11-04T06:27:21","slug":"about-crypto-insider","status":"publish","type":"page","link":"https:\/\/cryptoinsider.asia\/vi\/gioi-thieu-crypto-insider\/","title":{"rendered":"V\u1ec1 Crypto Insider"},"content":{"rendered":"<blockquote>\n<p>Crypto Insider l\u00e0 n\u01a1i chia s\u1ebb c\u00e1c th\u00f4ng tin v\u1ec1 Ti\u1ec1n \u0111i\u1ec7n t\u1eed v\u00e0 Blockchain, mang \u0111\u1ebfn cho b\u1ea1n tin t\u1ee9c, gi\u00e1 c\u1ea3, \u0111\u1ed9t ph\u00e1 v\u00e0 ph\u00e2n t\u00edch m\u1edbi nh\u1ea5t, t\u1eadp trung v\u00e0o \u00fd ki\u1ebfn \u200b\u200bchuy\u00ean gia v\u00e0 b\u00ecnh lu\u1eadn t\u1eeb c\u1ed9ng \u0111\u1ed3ng ti\u1ec1n k\u1ef9 thu\u1eadt s\u1ed1.<\/p>\n<\/blockquote>\n<p>Tin t\u1ee9c v\u00e0 th\u00f4ng tin c\u1eadp nh\u1eadt c\u1ee7a Crypto Insider s\u1ebd gi\u00fap b\u1ea1n hi\u1ec3u m\u1ecdi th\u1ee9 v\u1ec1 th\u1ebf gi\u1edbi ti\u1ec1n \u0111i\u1ec7n t\u1eed v\u00e0 Blockchain ng\u00e0y c\u00e0ng ph\u00e1t tri\u1ec3n, cho d\u00f9 b\u1ea1n l\u00e0 ng\u01b0\u1eddi m\u1edbi hay \u0111ang t\u00ecm ki\u1ebfm c\u00e1c ph\u01b0\u01a1ng ph\u00e1p ti\u1ebfp c\u1eadn m\u1edbi nh\u1ea5t \u0111\u1ec3 t\u0103ng c\u01b0\u1eddng v\u00ed ti\u1ec1n k\u1ef9 thu\u1eadt s\u1ed1 c\u1ee7a m\u00ecnh.<\/p>\n<p>Crypto Insider s\u1eb5n s\u00e0ng gi\u00fap b\u1ea1n h\u00ecnh th\u00e0nh \u00fd ki\u1ebfn \u200b\u200bc\u1ee7a ri\u00eang m\u00ecnh v\u1ec1 Ti\u1ec1n \u0111i\u1ec7n t\u1eed v\u00e0 Blockchain v\u1edbi ph\u1ea1m vi \u0111\u01b0a tin ch\u00ednh x\u00e1c v\u00e0 r\u00f5 r\u00e0ng t\u1eeb \u0111\u1ed9i ng\u0169 nh\u00e0 b\u00e1o v\u00e0 chuy\u00ean gia t\u1eadn t\u00e2m c\u1ee7a ch\u00fang t\u00f4i t\u1eeb kh\u1eafp n\u01a1i tr\u00ean th\u1ebf gi\u1edbi.<\/p>\n<p>Crypto Insider xu\u1ea5t b\u1ea3n c\u00e1c b\u00e0i b\u00e1o v\u00e0 \u00fd ki\u1ebfn \u200b\u200bchuy\u00ean gia trong c\u00e1c l\u0129nh v\u1ef1c kinh doanh, c\u00f4ng ngh\u1ec7, x\u00e3 h\u1ed9i v\u00e0 lu\u1eadt, c\u0169ng nh\u01b0 cung c\u1ea5p c\u00e1c b\u00ecnh lu\u1eadn th\u1eddi gian th\u1ef1c t\u1eeb c\u00e1c chuy\u00ean gia h\u00e0ng \u0111\u1ea7u tr\u00ean to\u00e0n b\u1ed9 c\u1ed9ng \u0111\u1ed3ng Ti\u1ec1n \u0111i\u1ec7n t\u1eed v\u00e0 Blockchain.<\/p>\n<p>Th\u1ebf gi\u1edbi Ti\u1ec1n \u0111i\u1ec7n t\u1eed v\u00e0 Blockchain \u0111ang ph\u00e1t tri\u1ec3n theo t\u1eebng ng\u00e0y, khi ng\u00e0y c\u00e0ng c\u00f3 nhi\u1ec1u doanh nghi\u1ec7p, doanh nh\u00e2n, c\u00f4ng ty kh\u1edfi nghi\u1ec7p v\u00e0 nh\u1eefng ng\u01b0\u1eddi h\u00e0ng ng\u00e0y b\u1eaft \u0111\u1ea7u \u00e1p d\u1ee5ng.<\/p>\n<p>B\u1ea1n c\u00f3 m\u1ed9t c\u00e2u h\u1ecfi, \u00fd ki\u1ebfn b\u00ecnh lu\u1eadn? Hay b\u1ea1n mu\u1ed1n c\u1ed9ng t\u00e1c theo m\u1ed9t c\u00e1ch n\u00e0o \u0111\u00f3 ho\u1eb7c c\u00f3 c\u00e1i g\u00ec \u0111\u00f3 t\u1ed1t \u0111\u1eb9p \u0111\u1ec3 chia s\u1ebb?<\/p>\n<p>Ch\u00fang t\u00f4i r\u1ea5t mu\u1ed1n nghe \u00fd ki\u1ebfn \u200b\u200bc\u1ee7a b\u1ea1n!<\/p>\n<p>H\u00e3y g\u1eedi th\u00f4ng tin theo email: <a href=\"mailto:editor@cryptoinsider.asia\">editor@cryptoinsider.asia<\/a> ho\u1eb7c g\u1ecdi +84383001977. Ch\u00fang t\u00f4i s\u1ebd li\u00ean h\u1ec7 l\u1ea1i v\u1edbi b\u1ea1n s\u1edbm nh\u1ea5t c\u00f3 th\u1ec3.<\/p>\n<p>C\u1ea3m \u01a1n!<\/p>\n","protected":false},"excerpt":{"rendered":"<p>Crypto Insider l\u00e0 n\u01a1i chia s\u1ebb c\u00e1c th\u00f4ng tin v\u1ec1 Ti\u1ec1n \u0111i\u1ec7n t\u1eed v\u00e0 Blockchain,&hellip;<\/p>\n","protected":false},"author":1,"featured_media":0,"parent":0,"menu_order":0,"comment_status":"closed","ping_status":"closed","template":"page-sidebar.php","meta":{"_lmt_disableupdate":"","_lmt_disable":"","footnotes":""},"class_list":["post-1693","page","type-page","status-publish","hentry"],"yoast_head":"<!-- This site is optimized with the Yoast SEO plugin v27.4 - https:\/\/yoast.com\/product\/yoast-seo-wordpress\/ -->\n<title>V\u1ec1 Crypto Insider<\/title>\n<meta name=\"description\" content=\"Crypto Insider l\u00e0 n\u01a1i chia s\u1ebb c\u00e1c th\u00f4ng tin v\u1ec1 Ti\u1ec1n \u0111i\u1ec7n t\u1eed v\u00e0 Blockchain, mang \u0111\u1ebfn cho b\u1ea1n tin t\u1ee9c, gi\u00e1 c\u1ea3, \u0111\u1ed9t ph\u00e1 v\u00e0 ph\u00e2n t\u00edch m\u1edbi nh\u1ea5t, t\u1eadp trung v\u00e0o \u00fd ki\u1ebfn \u200b\u200bchuy\u00ean gia v\u00e0 b\u00ecnh lu\u1eadn t\u1eeb c\u1ed9ng \u0111\u1ed3ng ti\u1ec1n k\u1ef9 thu\u1eadt s\u1ed1. Tin t\u1ee9c v\u00e0 th\u00f4ng tin c\u1eadp nh\u1eadt c\u1ee7a&hellip;\" \/>\n<meta name=\"robots\" content=\"index, follow, max-snippet:-1, max-image-preview:large, max-video-preview:-1\" \/>\n<link rel=\"canonical\" href=\"http:\/\/Crypto%20Insider%20l\u00e0%20n\u01a1i%20chia%20s\u1ebb%20c\u00e1c%20th\u00f4ng%20tin%20v\u1ec1%20Ti\u1ec1n%20\u0111i\u1ec7n%20t\u1eed%20v\u00e0%20Blockchain,%20mang%20\u0111\u1ebfn%20cho%20b\u1ea1n%20tin%20t\u1ee9c,%20gi\u00e1%20c\u1ea3,%20\u0111\u1ed9t%20ph\u00e1%20v\u00e0%20ph\u00e2n%20t\u00edch%20m\u1edbi%20nh\u1ea5t,%20t\u1eadp%20trung%20v\u00e0o%20\u00fd%20ki\u1ebfn%20\u200b\u200bchuy\u00ean%20gia%20v\u00e0%20b\u00ecnh%20lu\u1eadn%20t\u1eeb%20c\u1ed9ng%20\u0111\u1ed3ng%20ti\u1ec1n%20k\u1ef9%20thu\u1eadt%20s\u1ed1.%20Tin%20t\u1ee9c%20v\u00e0%20th\u00f4ng%20tin%20c\u1eadp%20nh\u1eadt%20c\u1ee7a&hellip;\" \/>\n<meta property=\"og:locale\" content=\"vi_VN\" \/>\n<meta property=\"og:type\" content=\"article\" \/>\n<meta property=\"og:title\" content=\"V\u1ec1 Crypto Insider\" \/>\n<meta property=\"og:description\" content=\"Crypto Insider l\u00e0 n\u01a1i chia s\u1ebb c\u00e1c th\u00f4ng tin v\u1ec1 Ti\u1ec1n \u0111i\u1ec7n t\u1eed v\u00e0 Blockchain, mang \u0111\u1ebfn cho b\u1ea1n tin t\u1ee9c, gi\u00e1 c\u1ea3, \u0111\u1ed9t ph\u00e1 v\u00e0 ph\u00e2n t\u00edch m\u1edbi nh\u1ea5t, t\u1eadp trung v\u00e0o \u00fd ki\u1ebfn \u200b\u200bchuy\u00ean gia v\u00e0 b\u00ecnh lu\u1eadn t\u1eeb c\u1ed9ng \u0111\u1ed3ng ti\u1ec1n k\u1ef9 thu\u1eadt s\u1ed1. Tin t\u1ee9c v\u00e0 th\u00f4ng tin c\u1eadp nh\u1eadt c\u1ee7a&hellip;\" \/>\n<meta property=\"og:url\" content=\"https:\/\/cryptoinsider.asia\/vi\/gioi-thieu-crypto-insider\/\" \/>\n<meta property=\"og:site_name\" content=\"Crypto Insider\" \/>\n<meta property=\"article:publisher\" content=\"https:\/\/www.facebook.com\/yourcryptoinsider\" \/>\n<meta property=\"article:modified_time\" content=\"2021-11-04T06:27:21+00:00\" \/>\n<meta property=\"og:image\" content=\"https:\/\/cryptoinsider.asia\/wp-content\/uploads\/2018\/09\/about.jpg\" \/>\n<meta name=\"twitter:card\" content=\"summary_large_image\" \/>\n<meta name=\"twitter:label1\" content=\"\u01af\u1edbc t\u00ednh th\u1eddi gian \u0111\u1ecdc\" \/>\n\t<meta name=\"twitter:data1\" content=\"2 ph\u00fat\" \/>\n<script type=\"application\/ld+json\" class=\"yoast-schema-graph\">{\"@context\":\"https:\\\/\\\/schema.org\",\"@graph\":[{\"@type\":\"WebPage\",\"@id\":\"https:\\\/\\\/cryptoinsider.asia\\\/vi\\\/gioi-thieu-crypto-insider\\\/\",\"url\":\"https:\\\/\\\/cryptoinsider.asia\\\/vi\\\/gioi-thieu-crypto-insider\\\/\",\"name\":\"About Crypto Insider - Crypto Insider\",\"isPartOf\":{\"@id\":\"https:\\\/\\\/cryptoinsider.asia\\\/#website\"},\"primaryImageOfPage\":{\"@id\":\"https:\\\/\\\/cryptoinsider.asia\\\/vi\\\/gioi-thieu-crypto-insider\\\/#primaryimage\"},\"image\":{\"@id\":\"https:\\\/\\\/cryptoinsider.asia\\\/vi\\\/gioi-thieu-crypto-insider\\\/#primaryimage\"},\"thumbnailUrl\":\"https:\\\/\\\/cryptoinsider.asia\\\/wp-content\\\/uploads\\\/2018\\\/09\\\/about.jpg\",\"datePublished\":\"2018-08-24T03:50:05+00:00\",\"dateModified\":\"2021-11-04T06:27:21+00:00\",\"description\":\"Crypto Insider covers everything about Cryptocurrencies and Blockchain\",\"breadcrumb\":{\"@id\":\"https:\\\/\\\/cryptoinsider.asia\\\/vi\\\/gioi-thieu-crypto-insider\\\/#breadcrumb\"},\"inLanguage\":\"vi\",\"potentialAction\":[{\"@type\":\"ReadAction\",\"target\":[\"https:\\\/\\\/cryptoinsider.asia\\\/vi\\\/gioi-thieu-crypto-insider\\\/\"]}]},{\"@type\":\"ImageObject\",\"inLanguage\":\"vi\",\"@id\":\"https:\\\/\\\/cryptoinsider.asia\\\/vi\\\/gioi-thieu-crypto-insider\\\/#primaryimage\",\"url\":\"https:\\\/\\\/cryptoinsider.asia\\\/wp-content\\\/uploads\\\/2018\\\/09\\\/about.jpg\",\"contentUrl\":\"https:\\\/\\\/cryptoinsider.asia\\\/wp-content\\\/uploads\\\/2018\\\/09\\\/about.jpg\"},{\"@type\":\"BreadcrumbList\",\"@id\":\"https:\\\/\\\/cryptoinsider.asia\\\/vi\\\/gioi-thieu-crypto-insider\\\/#breadcrumb\",\"itemListElement\":[{\"@type\":\"ListItem\",\"position\":1,\"name\":\"Home\",\"item\":\"https:\\\/\\\/cryptoinsider.asia\\\/\"},{\"@type\":\"ListItem\",\"position\":2,\"name\":\"V\u1ec1 Crypto Insider\"}]},{\"@type\":\"WebSite\",\"@id\":\"https:\\\/\\\/cryptoinsider.asia\\\/vi\\\/#website\",\"url\":\"https:\\\/\\\/cryptoinsider.asia\\\/vi\\\/\",\"name\":\"Crypto Insider\",\"description\":\"Crypto and Blockchain News\",\"publisher\":{\"@id\":\"https:\\\/\\\/cryptoinsider.asia\\\/vi\\\/#organization\"},\"potentialAction\":[{\"@type\":\"SearchAction\",\"target\":{\"@type\":\"EntryPoint\",\"urlTemplate\":\"https:\\\/\\\/cryptoinsider.asia\\\/vi\\\/?s={search_term_string}\"},\"query-input\":{\"@type\":\"PropertyValueSpecification\",\"valueRequired\":true,\"valueName\":\"search_term_string\"}}],\"inLanguage\":\"vi\"},{\"@type\":\"Organization\",\"@id\":\"https:\\\/\\\/cryptoinsider.asia\\\/vi\\\/#organization\",\"name\":\"Crypto Insider\",\"url\":\"https:\\\/\\\/cryptoinsider.asia\\\/vi\\\/\",\"logo\":{\"@type\":\"ImageObject\",\"inLanguage\":\"vi\",\"@id\":\"https:\\\/\\\/cryptoinsider.asia\\\/vi\\\/#\\\/schema\\\/logo\\\/image\\\/\",\"url\":\"https:\\\/\\\/cryptoinsider.asia\\\/wp-content\\\/uploads\\\/2021\\\/11\\\/Logo-crypto-insider.jpeg\",\"contentUrl\":\"https:\\\/\\\/cryptoinsider.asia\\\/wp-content\\\/uploads\\\/2021\\\/11\\\/Logo-crypto-insider.jpeg\",\"width\":2048,\"height\":2048,\"caption\":\"Crypto Insider\"},\"image\":{\"@id\":\"https:\\\/\\\/cryptoinsider.asia\\\/vi\\\/#\\\/schema\\\/logo\\\/image\\\/\"},\"sameAs\":[\"https:\\\/\\\/www.facebook.com\\\/yourcryptoinsider\",\"https:\\\/\\\/www.linkedin.com\\\/company\\\/vietnaminsider\"]}]}<\/script>\n<!-- \/ Yoast SEO plugin. -->","yoast_head_json":{"title":"V\u1ec1 Crypto Insider","description":"Crypto Insider l\u00e0 n\u01a1i chia s\u1ebb c\u00e1c th\u00f4ng tin v\u1ec1 Ti\u1ec1n \u0111i\u1ec7n t\u1eed v\u00e0 Blockchain, mang \u0111\u1ebfn cho b\u1ea1n tin t\u1ee9c, gi\u00e1 c\u1ea3, \u0111\u1ed9t ph\u00e1 v\u00e0 ph\u00e2n t\u00edch m\u1edbi nh\u1ea5t, t\u1eadp trung v\u00e0o \u00fd ki\u1ebfn \u200b\u200bchuy\u00ean gia v\u00e0 b\u00ecnh lu\u1eadn t\u1eeb c\u1ed9ng \u0111\u1ed3ng ti\u1ec1n k\u1ef9 thu\u1eadt s\u1ed1. Tin t\u1ee9c v\u00e0 th\u00f4ng tin c\u1eadp nh\u1eadt c\u1ee7a&hellip;","robots":{"index":"index","follow":"follow","max-snippet":"max-snippet:-1","max-image-preview":"max-image-preview:large","max-video-preview":"max-video-preview:-1"},"canonical":"Crypto Insider l\u00e0 n\u01a1i chia s\u1ebb c\u00e1c th\u00f4ng tin v\u1ec1 Ti\u1ec1n \u0111i\u1ec7n t\u1eed v\u00e0 Blockchain, mang \u0111\u1ebfn cho b\u1ea1n tin t\u1ee9c, gi\u00e1 c\u1ea3, \u0111\u1ed9t ph\u00e1 v\u00e0 ph\u00e2n t\u00edch m\u1edbi nh\u1ea5t, t\u1eadp trung v\u00e0o \u00fd ki\u1ebfn \u200b\u200bchuy\u00ean gia v\u00e0 b\u00ecnh lu\u1eadn t\u1eeb c\u1ed9ng \u0111\u1ed3ng ti\u1ec1n k\u1ef9 thu\u1eadt s\u1ed1. Tin t\u1ee9c v\u00e0 th\u00f4ng tin c\u1eadp nh\u1eadt c\u1ee7a&hellip;","og_locale":"vi_VN","og_type":"article","og_title":"V\u1ec1 Crypto Insider","og_description":"Crypto Insider l\u00e0 n\u01a1i chia s\u1ebb c\u00e1c th\u00f4ng tin v\u1ec1 Ti\u1ec1n \u0111i\u1ec7n t\u1eed v\u00e0 Blockchain, mang \u0111\u1ebfn cho b\u1ea1n tin t\u1ee9c, gi\u00e1 c\u1ea3, \u0111\u1ed9t ph\u00e1 v\u00e0 ph\u00e2n t\u00edch m\u1edbi nh\u1ea5t, t\u1eadp trung v\u00e0o \u00fd ki\u1ebfn \u200b\u200bchuy\u00ean gia v\u00e0 b\u00ecnh lu\u1eadn t\u1eeb c\u1ed9ng \u0111\u1ed3ng ti\u1ec1n k\u1ef9 thu\u1eadt s\u1ed1. Tin t\u1ee9c v\u00e0 th\u00f4ng tin c\u1eadp nh\u1eadt c\u1ee7a&hellip;","og_url":"https:\/\/cryptoinsider.asia\/vi\/gioi-thieu-crypto-insider\/","og_site_name":"Crypto Insider","article_publisher":"https:\/\/www.facebook.com\/yourcryptoinsider","article_modified_time":"2021-11-04T06:27:21+00:00","og_image":[{"url":"https:\/\/cryptoinsider.asia\/wp-content\/uploads\/2018\/09\/about.jpg","type":"","width":"","height":""}],"twitter_card":"summary_large_image","twitter_misc":{"\u01af\u1edbc t\u00ednh th\u1eddi gian \u0111\u1ecdc":"2 ph\u00fat"},"schema":{"@context":"https:\/\/schema.org","@graph":[{"@type":"WebPage","@id":"https:\/\/cryptoinsider.asia\/vi\/gioi-thieu-crypto-insider\/","url":"https:\/\/cryptoinsider.asia\/vi\/gioi-thieu-crypto-insider\/","name":"About Crypto Insider - Crypto Insider","isPartOf":{"@id":"https:\/\/cryptoinsider.asia\/#website"},"primaryImageOfPage":{"@id":"https:\/\/cryptoinsider.asia\/vi\/gioi-thieu-crypto-insider\/#primaryimage"},"image":{"@id":"https:\/\/cryptoinsider.asia\/vi\/gioi-thieu-crypto-insider\/#primaryimage"},"thumbnailUrl":"https:\/\/cryptoinsider.asia\/wp-content\/uploads\/2018\/09\/about.jpg","datePublished":"2018-08-24T03:50:05+00:00","dateModified":"2021-11-04T06:27:21+00:00","description":"Crypto Insider covers everything about Cryptocurrencies and Blockchain","breadcrumb":{"@id":"https:\/\/cryptoinsider.asia\/vi\/gioi-thieu-crypto-insider\/#breadcrumb"},"inLanguage":"vi","potentialAction":[{"@type":"ReadAction","target":["https:\/\/cryptoinsider.asia\/vi\/gioi-thieu-crypto-insider\/"]}]},{"@type":"ImageObject","inLanguage":"vi","@id":"https:\/\/cryptoinsider.asia\/vi\/gioi-thieu-crypto-insider\/#primaryimage","url":"https:\/\/cryptoinsider.asia\/wp-content\/uploads\/2018\/09\/about.jpg","contentUrl":"https:\/\/cryptoinsider.asia\/wp-content\/uploads\/2018\/09\/about.jpg"},{"@type":"BreadcrumbList","@id":"https:\/\/cryptoinsider.asia\/vi\/gioi-thieu-crypto-insider\/#breadcrumb","itemListElement":[{"@type":"ListItem","position":1,"name":"Home","item":"https:\/\/cryptoinsider.asia\/"},{"@type":"ListItem","position":2,"name":"V\u1ec1 Crypto Insider"}]},{"@type":"WebSite","@id":"https:\/\/cryptoinsider.asia\/vi\/#website","url":"https:\/\/cryptoinsider.asia\/vi\/","name":"Crypto Insider","description":"Crypto and Blockchain News","publisher":{"@id":"https:\/\/cryptoinsider.asia\/vi\/#organization"},"potentialAction":[{"@type":"SearchAction","target":{"@type":"EntryPoint","urlTemplate":"https:\/\/cryptoinsider.asia\/vi\/?s={search_term_string}"},"query-input":{"@type":"PropertyValueSpecification","valueRequired":true,"valueName":"search_term_string"}}],"inLanguage":"vi"},{"@type":"Organization","@id":"https:\/\/cryptoinsider.asia\/vi\/#organization","name":"Crypto Insider","url":"https:\/\/cryptoinsider.asia\/vi\/","logo":{"@type":"ImageObject","inLanguage":"vi","@id":"https:\/\/cryptoinsider.asia\/vi\/#\/schema\/logo\/image\/","url":"https:\/\/cryptoinsider.asia\/wp-content\/uploads\/2021\/11\/Logo-crypto-insider.jpeg","contentUrl":"https:\/\/cryptoinsider.asia\/wp-content\/uploads\/2021\/11\/Logo-crypto-insider.jpeg","width":2048,"height":2048,"caption":"Crypto Insider"},"image":{"@id":"https:\/\/cryptoinsider.asia\/vi\/#\/schema\/logo\/image\/"},"sameAs":["https:\/\/www.facebook.com\/yourcryptoinsider","https:\/\/www.linkedin.com\/company\/vietnaminsider"]}]}},"jetpack-related-posts":[],"jetpack_likes_enabled":false,"jetpack_sharing_enabled":true,"_links":{"self":[{"href":"https:\/\/cryptoinsider.asia\/vi\/wp-json\/wp\/v2\/pages\/1693","targetHints":{"allow":["GET"]}}],"collection":[{"href":"https:\/\/cryptoinsider.asia\/vi\/wp-json\/wp\/v2\/pages"}],"about":[{"href":"https:\/\/cryptoinsider.asia\/vi\/wp-json\/wp\/v2\/types\/page"}],"author":[{"embeddable":true,"href":"https:\/\/cryptoinsider.asia\/vi\/wp-json\/wp\/v2\/users\/1"}],"replies":[{"embeddable":true,"href":"https:\/\/cryptoinsider.asia\/vi\/wp-json\/wp\/v2\/comments?post=1693"}],"version-history":[{"count":7,"href":"https:\/\/cryptoinsider.asia\/vi\/wp-json\/wp\/v2\/pages\/1693\/revisions"}],"predecessor-version":[{"id":1894,"href":"https:\/\/cryptoinsider.asia\/vi\/wp-json\/wp\/v2\/pages\/1693\/revisions\/1894"}],"wp:attachment":[{"href":"https:\/\/cryptoinsider.asia\/vi\/wp-json\/wp\/v2\/media?parent=1693"}],"curies":[{"name":"wp","href":"https:\/\/api.w.org\/{rel}","templated":true}]}}